{"id":48,"date":"2019-01-22T12:57:37","date_gmt":"2019-01-22T12:57:37","guid":{"rendered":"http:\/\/pruefservice-gruber.de\/?page_id=48"},"modified":"2024-04-07T15:24:59","modified_gmt":"2024-04-07T15:24:59","slug":"herzlich-willkommen","status":"publish","type":"page","link":"https:\/\/pruefservice-gruber.de\/","title":{"rendered":"Herzlich Willkommen"},"content":{"rendered":"\n<h3 class=\"wp-block-heading\">Pr\u00fcfservice Gruber aus Mamming ist ein herstellerunabh\u00e4ngiger Dienstleister zur Durchf\u00fchrung von Pr\u00fcfungen.<\/h3>\n\n\n\n<p><\/p>\n\n\n\n<h3 class=\"wp-block-heading\">Unsere Dienstleistungen im \u00dcberblick<\/h3>\n\n\n\n\t\t<div class=\"wpsm_service_b_row\" id=\"wpsm_service_b_row_113\">\r\n\t\t\t<div class=\"wpsm_row\"> \r\n<style>\r\n.wpsm_row{\r\n\toverflow:hidden;\r\n\tdisplay:block;\r\n\twidth:100%;\r\n}\r\n.wpsm_service_b_row{ \r\n\toverflow:hidden;\r\n\tdisplay:block;\r\n\twidth:100%;\r\n\tborder:0px solid #ddd;\r\n\tmargin-bottom:20px;\r\n}\r\n #wpsm_service_b_row_113 .wpsm_serviceBox{\r\n\tpadding:30px 0 ;\r\n\tmargin-bottom:20px;\r\n}\r\n#wpsm_service_b_row_113 .wpsm_serviceBox .wpsm_service-icon{\r\n\tbackground:#dddddd !important;\r\n\theight: 70px;\r\n\twidth: 70px;\r\n\tborder-radius:50% !important;\r\n\ttext-align: center !important;\r\n\tfloat: left !important;\r\n}\r\n\r\n#wpsm_service_b_row_113 .wpsm_serviceBox .wpsm_service-icon i{\r\n\tfont-size:30px !important;\r\n\tcolor: #ce1b28 !important;\r\n\tline-height: 70px;\r\n}\r\n   \r\n#wpsm_service_b_row_113 .wpsm_serviceBox .wpsm_service-content {\r\n\tmargin-left: 95px;\r\n}\r\n#wpsm_service_b_row_113 .wpsm_serviceBox .wpsm_service-content h3{\r\n\tcolor: #ce1b28 !important;\r\n\tfont-size: 22px !important;\r\n\tfont-weight: 600;\r\n\t\tfont-family:'Open Sans' !important;\r\n\t\tmargin-top: 0;\r\n\tclear:inherit !important;\r\n\tline-height:1.4 !important;\r\n\tmargin-bottom:0px !important;\r\n\t\r\n}\r\n#wpsm_service_b_row_113 .wpsm_serviceBox .wpsm_service-content p{\r\n\tcolor:#7f7f7f !important;\r\n\tfont-size: 19px !important;\r\n\tline-height:1.4 !important;\r\n\t\tfont-family:'Open Sans' !important;\r\n\t\tmargin-top:10px;\r\n\tmargin-bottom:0px;\r\n\t\r\n}\r\n#wpsm_service_b_row_113 .wpsm_serviceBox .wpsm_read{\r\n\tcolor: #4c4c4c !important;\r\n\tfont-size: 16px !important;\r\n\t\tfont-family:'Open Sans' !important;\r\n\t\ttext-decoration: none;\r\n\tborder-bottom: 1px solid;\r\n\t margin-top:15px;\r\n\t display: inline-block;\r\n}\r\n<\/style>\r\n\r\n\t\t\t\r\n\t\t\t\t<div class=\"wpsm_col-md-6 wpsm_col-sm-6\">\r\n                    <div class=\"wpsm_serviceBox\">\r\n\t\t\t\t\t\t                       \r\n\t\t\t\t\t\t\t<div class=\"wpsm_service-icon\">\r\n\t\t\t\t\t\t\t\t<i class=\"fa fa-eye\"><\/i>\r\n\t\t\t\t\t\t\t<\/div>\r\n\t\t\t\t\t\t                        <div class=\"wpsm_service-content\">\r\n                            <h3><\/h3>\r\n                            <p> Durchf\u00fchrung von optischen und mechanischen Pr\u00fcfungen<\/p>\r\n                                                    <\/div>\r\n                    <\/div>\r\n                <\/div>\r\n\r\n\t\t\t\t\r\n\t\t\t\t<div class=\"wpsm_col-md-6 wpsm_col-sm-6\">\r\n                    <div class=\"wpsm_serviceBox\">\r\n\t\t\t\t\t\t                       \r\n\t\t\t\t\t\t\t<div class=\"wpsm_service-icon\">\r\n\t\t\t\t\t\t\t\t<i class=\"fa fa-tags\"><\/i>\r\n\t\t\t\t\t\t\t<\/div>\r\n\t\t\t\t\t\t                        <div class=\"wpsm_service-content\">\r\n                            <h3><\/h3>\r\n                            <p> Pr\u00fcfung von Leitern, Rundschlingen, Winden, Hubger\u00e4te, Zugger\u00e4te, Lastaufnahmeeinrichtungen und Anschlagmittel im Hebezeugbetrieb u.v.m.<\/p>\r\n                                                    <\/div>\r\n                    <\/div>\r\n                <\/div>\r\n\r\n\t\t\t\t\t\t\t\t\t\t<\/div>\r\n\t\t\t\t\t\t<div class=\"wpsm_row\">\r\n\t\t\t\t\t\t\r\n\t\t\t\t<div class=\"wpsm_col-md-6 wpsm_col-sm-6\">\r\n                    <div class=\"wpsm_serviceBox\">\r\n\t\t\t\t\t\t                       \r\n\t\t\t\t\t\t\t<div class=\"wpsm_service-icon\">\r\n\t\t\t\t\t\t\t\t<i class=\"fa fa-unlink\"><\/i>\r\n\t\t\t\t\t\t\t<\/div>\r\n\t\t\t\t\t\t                        <div class=\"wpsm_service-content\">\r\n                            <h3><\/h3>\r\n                            <p> Sichtkontrolle auf erkennbare Sch\u00e4den<\/p>\r\n                                                    <\/div>\r\n                    <\/div>\r\n                <\/div>\r\n\r\n\t\t\t\t\r\n\t\t\t\t<div class=\"wpsm_col-md-6 wpsm_col-sm-6\">\r\n                    <div class=\"wpsm_serviceBox\">\r\n\t\t\t\t\t\t                       \r\n\t\t\t\t\t\t\t<div class=\"wpsm_service-icon\">\r\n\t\t\t\t\t\t\t\t<i class=\"fa fa-file-text-o\"><\/i>\r\n\t\t\t\t\t\t\t<\/div>\r\n\t\t\t\t\t\t                        <div class=\"wpsm_service-content\">\r\n                            <h3><\/h3>\r\n                            <p> Kontrolle auf Einhaltung der Vorschriften der Berufsgenossenschaft nach DGUV DIN EN Normen<\/p>\r\n                                                    <\/div>\r\n                    <\/div>\r\n                <\/div>\r\n\r\n\t\t\t\t\t\t\t\t\t\t<\/div>\r\n\t\t\t\t\t\t<div class=\"wpsm_row\">\r\n\t\t\t\t\t\t\r\n\t\t\t\t<div class=\"wpsm_col-md-6 wpsm_col-sm-6\">\r\n                    <div class=\"wpsm_serviceBox\">\r\n\t\t\t\t\t\t                       \r\n\t\t\t\t\t\t\t<div class=\"wpsm_service-icon\">\r\n\t\t\t\t\t\t\t\t<i class=\"fa fa-pencil\"><\/i>\r\n\t\t\t\t\t\t\t<\/div>\r\n\t\t\t\t\t\t                        <div class=\"wpsm_service-content\">\r\n                            <h3><\/h3>\r\n                            <p> Kennzeichnung besch\u00e4digter Bauteile und Beurteilung der Sch\u00e4den<\/p>\r\n                                                    <\/div>\r\n                    <\/div>\r\n                <\/div>\r\n\r\n\t\t\t\t\r\n\t\t\t\t<div class=\"wpsm_col-md-6 wpsm_col-sm-6\">\r\n                    <div class=\"wpsm_serviceBox\">\r\n\t\t\t\t\t\t                       \r\n\t\t\t\t\t\t\t<div class=\"wpsm_service-icon\">\r\n\t\t\t\t\t\t\t\t<i class=\"fa fa-clipboard\"><\/i>\r\n\t\t\t\t\t\t\t<\/div>\r\n\t\t\t\t\t\t                        <div class=\"wpsm_service-content\">\r\n                            <h3><\/h3>\r\n                            <p> Ausf\u00fchrliche Dokumentation auf Kontrollbl\u00e4ttern bzw. Pr\u00fcfprotokollen<\/p>\r\n                                                    <\/div>\r\n                    <\/div>\r\n                <\/div>\r\n\r\n\t\t\t\t\t\t\t\t\t\t<\/div>\r\n\t\t\t\t\t\t<div class=\"wpsm_row\">\r\n\t\t\t\t\t\t\r\n\t\t\t\t<div class=\"wpsm_col-md-6 wpsm_col-sm-6\">\r\n                    <div class=\"wpsm_serviceBox\">\r\n\t\t\t\t\t\t                       \r\n\t\t\t\t\t\t\t<div class=\"wpsm_service-icon\">\r\n\t\t\t\t\t\t\t\t<i class=\"fa fa-edit\"><\/i>\r\n\t\t\t\t\t\t\t<\/div>\r\n\t\t\t\t\t\t                        <div class=\"wpsm_service-content\">\r\n                            <h3><\/h3>\r\n                            <p> Erstellung eines Protokolls mit Beurteilung der Sch\u00e4den &amp; Empfehlungen zur Schadensbeseitigung<\/p>\r\n                                                    <\/div>\r\n                    <\/div>\r\n                <\/div>\r\n\r\n\t\t\t\t\r\n\t\t\t\t<div class=\"wpsm_col-md-6 wpsm_col-sm-6\">\r\n                    <div class=\"wpsm_serviceBox\">\r\n\t\t\t\t\t\t                       \r\n\t\t\t\t\t\t\t<div class=\"wpsm_service-icon\">\r\n\t\t\t\t\t\t\t\t<i class=\"fa fa-wrench\"><\/i>\r\n\t\t\t\t\t\t\t<\/div>\r\n\t\t\t\t\t\t                        <div class=\"wpsm_service-content\">\r\n                            <h3><\/h3>\r\n                            <p> Schadensanalyse mit Hinweisen zur Vorbeugung von Sch\u00e4digungen mit optionaler Reparatur falls gew\u00fcnscht \/ m\u00f6glich<\/p>\r\n                                                    <\/div>\r\n                    <\/div>\r\n                <\/div>\r\n\r\n\t\t\t\t\t\t\t\t\t\t<\/div>\r\n\t\t\t\t\t\t<div class=\"wpsm_row\">\r\n\t\t\t\t\t\t    \r\n\r\n<\/div>\t   \t\t<\/div>\r\n\t\t\r\n\t\n","protected":false},"excerpt":{"rendered":"<p>Pr\u00fcfservice Gruber aus Mamming ist ein herstellerunabh\u00e4ngiger Dienstleister zur Durchf\u00fchrung von Pr\u00fcfungen. Unsere Dienstleistungen im \u00dcberblick<\/p>\n","protected":false},"author":1,"featured_media":0,"parent":0,"menu_order":0,"comment_status":"closed","ping_status":"closed","template":"","meta":{"footnotes":""},"_links":{"self":[{"href":"https:\/\/pruefservice-gruber.de\/index.php?rest_route=\/wp\/v2\/pages\/48"}],"collection":[{"href":"https:\/\/pruefservice-gruber.de\/index.php?rest_route=\/wp\/v2\/pages"}],"about":[{"href":"https:\/\/pruefservice-gruber.de\/index.php?rest_route=\/wp\/v2\/types\/page"}],"author":[{"embeddable":true,"href":"https:\/\/pruefservice-gruber.de\/index.php?rest_route=\/wp\/v2\/users\/1"}],"replies":[{"embeddable":true,"href":"https:\/\/pruefservice-gruber.de\/index.php?rest_route=%2Fwp%2Fv2%2Fcomments&post=48"}],"version-history":[{"count":10,"href":"https:\/\/pruefservice-gruber.de\/index.php?rest_route=\/wp\/v2\/pages\/48\/revisions"}],"predecessor-version":[{"id":178,"href":"https:\/\/pruefservice-gruber.de\/index.php?rest_route=\/wp\/v2\/pages\/48\/revisions\/178"}],"wp:attachment":[{"href":"https:\/\/pruefservice-gruber.de\/index.php?rest_route=%2Fwp%2Fv2%2Fmedia&parent=48"}],"curies":[{"name":"wp","href":"https:\/\/api.w.org\/{rel}","templated":true}]}}